{"id":1165,"date":"2019-12-15T12:37:09","date_gmt":"2019-12-15T12:37:09","guid":{"rendered":"http:\/\/incosrl.eu\/brevets\/"},"modified":"2019-12-15T13:22:48","modified_gmt":"2019-12-15T13:22:48","slug":"brevets","status":"publish","type":"page","link":"https:\/\/incosrl.eu\/fr\/brevets\/","title":{"rendered":"BREVET"},"content":{"rendered":"<section class=\"av_textblock_section \"  itemscope=\"itemscope\" itemtype=\"https:\/\/schema.org\/CreativeWork\" ><div class='avia_textblock  '   itemprop=\"text\" ><p>Brevet italien d&rsquo;invention industrielle n \u00b0 0001427360, au nom d&rsquo;Umberto Nenna et Fabrizio Poli, d\u00e9livr\u00e9 le 27\/02\/2017, relatif \u00e0 un \u00ab\u00a0Corps creux int\u00e9rieurement, moule et m\u00e9thode de construction\u00a0\u00bb.<\/p>\n<p>Questions d&rsquo;extension:<\/p>\n<p>Br\u00e9sil: n. BR112017012459-9 d\u00e9pos\u00e9 le 11.27.2015;<\/p>\n<p>Europe: n. 15823014.4 d\u00e9pos\u00e9 le 27\/11\/2015;<\/p>\n<p>Chine: n. 2015800759132 d\u00e9pos\u00e9 le 27\/11\/2015;<\/p>\n<p>Hong Kong: n. 18104606,8 d\u00e9pos\u00e9 le 27\/11\/2015;<\/p>\n<p>Inde: n. 201727020190 d\u00e9pos\u00e9 le 27\/11\/2015;<\/p>\n<p>R\u00e9p. Afrique du Sud: n. 2017\/03939 d\u00e9pos\u00e9 le 27\/11\/2015;<\/p>\n<p>U.S.A. n. 15\/553933 d\u00e9pos\u00e9 le 27\/11\/2015;<\/p>\n<p>Canada: n. 2970431 d\u00e9pos\u00e9e le 27\/11\/2015;<\/p>\n<p>Brevet italien d&rsquo;invention industrielle n. 102017000015088, au nom d&rsquo;Umberto Nenna et Fabrizio Poli, d\u00e9livr\u00e9 le 17.06.2019, concernant un \u00ab\u00a0Corps creux en interne, son mode de r\u00e9alisation et de moulage\u00a0\u00bb.<\/p>\n<p>Questions d&rsquo;extension:<\/p>\n<p>Br\u00e9sil: n. BR112019016425-1<\/p>\n<p>Europe: n. 18.709.080,8<\/p>\n<p>Canada: Pat. Nat. de PCT s.n.<\/p>\n<p>Chine: Pat. Nat. de PCT s.n.<\/p>\n<p>Inde: n. 201917035557<\/p>\n<p>Mexique: MX \/ A \/ 2019\/009569<\/p>\n<p>R\u00e9p. Afrique du Sud: n. 2019\/05735<\/p>\n<p>U.S.A. : n. 16\/484652<\/p>\n<\/div><\/section>\n<div   class='hr hr-default   avia-builder-el-1  el_after_av_textblock  el_before_av_textblock '><span class='hr-inner ' ><span class='hr-inner-style'><\/span><\/span><\/div>\n<section class=\"av_textblock_section \"  itemscope=\"itemscope\" itemtype=\"https:\/\/schema.org\/CreativeWork\" ><div class='avia_textblock  '  style='font-size:40px; '  itemprop=\"text\" ><h1 style=\"text-align: center;\"><strong>INCOSYST\u00c8ME WIREFRAME<\/strong><\/h1>\n<\/div><\/section>\n<div  class='avia-image-container  av-styling-    avia-builder-el-3  el_after_av_textblock  avia-builder-el-last  avia-align-center '  itemprop=\"image\" itemscope=\"itemscope\" itemtype=\"https:\/\/schema.org\/ImageObject\"  ><div class='avia-image-container-inner'><div class='avia-image-overlay-wrap'><img class='avia_image' src='https:\/\/incosrl.eu\/wp-content\/uploads\/2019\/12\/Schermata-2019-11-29-alle-13.37.08-1030x603.png' alt='' title='Schermata 2019-11-29 alle 13.37.08' height=\"603\" width=\"1030\"  itemprop=\"thumbnailUrl\"  \/><\/div><\/div><\/div>\n","protected":false},"excerpt":{"rendered":"","protected":false},"author":1,"featured_media":0,"parent":0,"menu_order":0,"comment_status":"open","ping_status":"open","template":"","meta":{"footnotes":""},"class_list":["post-1165","page","type-page","status-publish","hentry"],"_links":{"self":[{"href":"https:\/\/incosrl.eu\/fr\/wp-json\/wp\/v2\/pages\/1165","targetHints":{"allow":["GET"]}}],"collection":[{"href":"https:\/\/incosrl.eu\/fr\/wp-json\/wp\/v2\/pages"}],"about":[{"href":"https:\/\/incosrl.eu\/fr\/wp-json\/wp\/v2\/types\/page"}],"author":[{"embeddable":true,"href":"https:\/\/incosrl.eu\/fr\/wp-json\/wp\/v2\/users\/1"}],"replies":[{"embeddable":true,"href":"https:\/\/incosrl.eu\/fr\/wp-json\/wp\/v2\/comments?post=1165"}],"version-history":[{"count":0,"href":"https:\/\/incosrl.eu\/fr\/wp-json\/wp\/v2\/pages\/1165\/revisions"}],"wp:attachment":[{"href":"https:\/\/incosrl.eu\/fr\/wp-json\/wp\/v2\/media?parent=1165"}],"curies":[{"name":"wp","href":"https:\/\/api.w.org\/{rel}","templated":true}]}}