{"id":936,"date":"2019-12-10T12:34:26","date_gmt":"2019-12-10T12:34:26","guid":{"rendered":"http:\/\/incosrl.eu\/kontakte\/"},"modified":"2022-07-27T09:53:17","modified_gmt":"2022-07-27T09:53:17","slug":"kontakte","status":"publish","type":"page","link":"https:\/\/incosrl.eu\/de\/kontakte\/","title":{"rendered":"KONTAKTE"},"content":{"rendered":"<div id='av-layout-grid-1'  class='av-layout-grid-container entry-content-wrapper main_color av-flex-cells     avia-builder-el-0  el_before_av_image  avia-builder-el-first  container_wrap sidebar_right' style=' '  >\n<div class=\"flex_cell no_margin av_one_half  avia-builder-el-1  el_before_av_cell_one_half  avia-builder-el-first   \" style='vertical-align:top; padding:30px; background-color:#fcfcfc; '><div class='flex_cell_inner' ><p><div  style='padding-bottom:10px; font-size:25px;' class='av-special-heading av-special-heading-h1  blockquote modern-quote modern-centered  avia-builder-el-2  el_before_av_hr  avia-builder-el-first  av-inherit-size '><h1 class='av-special-heading-tag '  itemprop=\"headline\"  >Kontakte<\/h1><div class='special-heading-border'><div class='special-heading-inner-border' ><\/div><\/div><\/div><br \/>\n<div  style=' margin-top:40px; margin-bottom:40px;'  class='hr hr-custom hr-center hr-icon-no   avia-builder-el-3  el_after_av_heading  el_before_av_one_half '><span class='hr-inner   inner-border-av-border-fat' style=' width:50px; border-color:#000000;' ><span class='hr-inner-style'><\/span><\/span><\/div><br \/>\n<div class=\"flex_column av_one_half  flex_column_div first  avia-builder-el-4  el_after_av_hr  el_before_av_one_half  \" ><section class=\"av_textblock_section \"  itemscope=\"itemscope\" itemtype=\"https:\/\/schema.org\/CreativeWork\" ><div class='avia_textblock  '   itemprop=\"text\" ><h3 style=\"text-align: center;\"><span style=\"color: #000000;\">IN-CO SRL<\/span><\/h3>\n<p style=\"text-align: center;\"><span style=\"color: #000000;\">Via Europa 70<\/span><br \/>\n<span style=\"color: #000000;\">25062 Concesio (BS)<\/span><\/p>\n<p style=\"text-align: center;\"><span style=\"color: #000000;\">E-Mail: info@incosrl.eu<\/span><br \/>\n<span style=\"color: #000000;\"> MwSt.-Nummer 04093380980<\/span><\/p>\n<p style=\"text-align: center;\">\n<\/div><\/section><\/div><div class=\"flex_column av_one_half  flex_column_div   avia-builder-el-6  el_after_av_one_half  el_before_av_image  \" ><section class=\"av_textblock_section \"  itemscope=\"itemscope\" itemtype=\"https:\/\/schema.org\/CreativeWork\" ><div class='avia_textblock  '   itemprop=\"text\" ><p style=\"text-align: center;\"><strong>Umberto Nenna<\/strong><br \/>\n<span style=\"color: #000000;\">Trade Manager<\/span><br \/>\n<span style=\"color: #000000;\"> u.nenna@incosrl.eu<\/span><br \/>\n<span style=\"color: #000000;\"> +39 335 65 85 108<\/span><\/p>\n<p style=\"text-align: center;\"><strong>Fabrizio\u00a0Poli<br \/>\n<\/strong><span style=\"color: #000000;\">F&#038;E-Manager<\/span><br \/>\n<span style=\"color: #000000;\"> f.poli@incosrl.eu<\/span><br \/>\n<span style=\"color: #000000;\"> +39 333 12 40 127<\/span><\/p>\n<p style=\"text-align: center;\">\n<\/div><\/section><\/div><div  class='avia-image-container  av-styling-    avia-builder-el-8  el_after_av_one_half  avia-builder-el-last  avia-align-center '  itemprop=\"image\" itemscope=\"itemscope\" itemtype=\"https:\/\/schema.org\/ImageObject\"  ><div class='avia-image-container-inner'><div class='avia-image-overlay-wrap'><img class='avia_image' src='https:\/\/incosrl.eu\/wp-content\/uploads\/2022\/07\/Fesr_Dicitura_Colore-2-1-1030x309.jpg' alt='' title='Fesr_Dicitura_Colore-2' height=\"309\" width=\"1030\"  itemprop=\"thumbnailUrl\"  \/><\/div><\/div><\/div><\/p>\n<\/div><\/div><div class=\"flex_cell no_margin av_one_half  avia-builder-el-9  el_after_av_cell_one_half  avia-builder-el-last   \" style='vertical-align:top; padding:30px; '><div class='flex_cell_inner' ><p><div  style='padding-bottom:10px; font-size:25px;' class='av-special-heading av-special-heading-h1  blockquote modern-quote modern-centered  avia-builder-el-10  el_before_av_hr  avia-builder-el-first  av-inherit-size '><h1 class='av-special-heading-tag '  itemprop=\"headline\"  >Nachricht<\/h1><div class='special-heading-border'><div class='special-heading-inner-border' ><\/div><\/div><\/div><br \/>\n<div  style=' margin-top:40px; margin-bottom:40px;'  class='hr hr-custom hr-center hr-icon-no   avia-builder-el-11  el_after_av_heading  el_before_av_contact '><span class='hr-inner   inner-border-av-border-fat' style=' width:50px; border-color:#000000;' ><span class='hr-inner-style'><\/span><\/span><\/div><br \/>\n<form action=\"https:\/\/incosrl.eu\/de\/kontakte\/\" method=\"post\"  class=\"avia_ajax_form av-form-labels-visible   avia-builder-el-12  el_after_av_hr  avia-builder-el-last   \" data-avia-form-id=\"1\" data-avia-redirect='' ><fieldset><p class=' first_form  form_element form_element_half' id='element_avia_1_1'><label for=\"avia_1_1\">name <abbr class=\"required\" title=\"ben\u00f6tigt\">*<\/abbr><\/label> <input name=\"avia_1_1\" class=\"text_input is_empty\" type=\"text\" id=\"avia_1_1\" value=\"\" \/><\/p><p class=' form_element form_element_half' id='element_avia_2_1'><label for=\"avia_2_1\">E-Mail <abbr class=\"required\" title=\"ben\u00f6tigt\">*<\/abbr><\/label> <input name=\"avia_2_1\" class=\"text_input is_email\" type=\"text\" id=\"avia_2_1\" value=\"\" \/><\/p><p class=' first_form  form_element form_fullwidth' id='element_avia_3_1'><label for=\"avia_3_1\">Objekt <abbr class=\"required\" title=\"ben\u00f6tigt\">*<\/abbr><\/label> <input name=\"avia_3_1\" class=\"text_input is_empty\" type=\"text\" id=\"avia_3_1\" value=\"\" \/><\/p><p class=' first_form  form_element form_fullwidth' id='element_avia_4_1'>\t <label for=\"avia_4_1\" class=\"textare_label hidden textare_label_avia_4_1\">Nachricht <abbr class=\"required\" title=\"ben\u00f6tigt\">*<\/abbr><\/label>\t <textarea  name=\"avia_4_1\" class=\"text_area is_empty\" cols=\"40\" rows=\"7\" id=\"avia_4_1\" ><\/textarea><\/p><p class=' first_form  form_element form_fullwidth' id='element_avia_5_1'>    <input  name=\"avia_5_1\" class=\"input_checkbox \" type=\"checkbox\" id=\"avia_5_1\" value=\"true\"\/><label class=\"input_checkbox_label\" for=\"avia_5_1\">M\u00f6chten Sie in Kontakt bleiben<\/label><\/p><p class=\"hidden\"><input type=\"text\" name=\"avia_6_1\" class=\"hidden \" id=\"avia_6_1\" value=\"\" \/><\/p><p class='av_form_privacy_check av_contact_privacy_check first_form  form_element form_fullwidth' id='element_avia_7_1'>    <input  name=\"avia_7_1\" class=\"input_checkbox is_empty\" type=\"checkbox\" id=\"avia_7_1\" value=\"true\"\/><label class=\"input_checkbox_label\" for=\"avia_7_1\">Durch die Eingabe dieser Daten erkl\u00e4ren Sie, dass Sie die Datenschutzerkl\u00e4rung gelesen haben und der Verarbeitung Ihrer pers\u00f6nlichen Daten f\u00fcr die darin angegebenen Zwecke zustimmen und dass Sie auch den Empfang von kommerziellen Mitteilungen, Newslettern und Werbematerial genehmigen. Weitere Informationen erhalten Sie hier, <a href='https:\/\/incosrl.eu\/privacy-policy-archived\/' target='_blank' rel=\"noopener\">PRIVACY POLICY<\/a> <abbr class=\"required\" title=\"ben\u00f6tigt\">*<\/abbr><\/label><\/p><p class=\"form_element \"><input type=\"hidden\" value=\"1\" name=\"avia_generated_form1\" \/><input type=\"submit\" value=\"Senden\" class=\"button\"  data-sending-label=\"Sende\"\/><\/p><\/fieldset><div class=\"avia-disabled-forn\">This contact form is deactivated because you refused to accept Google reCaptcha service which is necessary to validate any messages sent by the form.<\/div><\/form><div id=\"ajaxresponse_1\" class=\"ajaxresponse ajaxresponse_1 hidden\"><\/div><\/p>\n<\/div><\/div><\/div><div id='after_submenu_1'  class='main_color av_default_container_wrap container_wrap sidebar_right' style=' '  ><div class='container' ><div class='template-page content  av-content-small alpha units'><div class='post-entry post-entry-type-page post-entry-936'><div class='entry-content-wrapper clearfix'><div  class='avia-image-container  av-styling-    avia-builder-el-13  el_after_av_layout_row  el_before_av_image  avia-builder-el-first  avia-align-center '  itemprop=\"image\" itemscope=\"itemscope\" itemtype=\"https:\/\/schema.org\/ImageObject\"  ><div class='avia-image-container-inner'><div class='avia-image-overlay-wrap'><img class='avia_image' src='http:\/\/incosrl.eu\/wp-content\/uploads\/2019\/12\/mappa-incosystem.jpg' alt='' title=''   itemprop=\"thumbnailUrl\"  \/><\/div><\/div><\/div><\/p>\n<div  class='avia-image-container  av-styling-    avia-builder-el-14  el_after_av_image  avia-builder-el-last  avia-align-center '  itemprop=\"image\" itemscope=\"itemscope\" itemtype=\"https:\/\/schema.org\/ImageObject\"  ><div class='avia-image-container-inner'><div class='avia-image-overlay-wrap'><img class='avia_image' src='http:\/\/incosrl.eu\/wp-content\/uploads\/2019\/12\/mappa.jpg' alt='' title=''   itemprop=\"thumbnailUrl\"  \/><\/div><\/div><\/div>\n","protected":false},"excerpt":{"rendered":"","protected":false},"author":1,"featured_media":0,"parent":0,"menu_order":0,"comment_status":"open","ping_status":"closed","template":"","meta":{"footnotes":""},"class_list":["post-936","page","type-page","status-publish","hentry"],"_links":{"self":[{"href":"https:\/\/incosrl.eu\/de\/wp-json\/wp\/v2\/pages\/936","targetHints":{"allow":["GET"]}}],"collection":[{"href":"https:\/\/incosrl.eu\/de\/wp-json\/wp\/v2\/pages"}],"about":[{"href":"https:\/\/incosrl.eu\/de\/wp-json\/wp\/v2\/types\/page"}],"author":[{"embeddable":true,"href":"https:\/\/incosrl.eu\/de\/wp-json\/wp\/v2\/users\/1"}],"replies":[{"embeddable":true,"href":"https:\/\/incosrl.eu\/de\/wp-json\/wp\/v2\/comments?post=936"}],"version-history":[{"count":0,"href":"https:\/\/incosrl.eu\/de\/wp-json\/wp\/v2\/pages\/936\/revisions"}],"wp:attachment":[{"href":"https:\/\/incosrl.eu\/de\/wp-json\/wp\/v2\/media?parent=936"}],"curies":[{"name":"wp","href":"https:\/\/api.w.org\/{rel}","templated":true}]}}