{"id":930,"date":"2019-12-10T12:33:49","date_gmt":"2019-12-10T12:33:49","guid":{"rendered":"http:\/\/incosrl.eu\/patente\/"},"modified":"2019-12-15T11:00:54","modified_gmt":"2019-12-15T11:00:54","slug":"patente","status":"publish","type":"page","link":"https:\/\/incosrl.eu\/de\/patente\/","title":{"rendered":"PATENTEN"},"content":{"rendered":"<section class=\"av_textblock_section \"  itemscope=\"itemscope\" itemtype=\"https:\/\/schema.org\/CreativeWork\" ><div class='avia_textblock  '   itemprop=\"text\" ><p><span style=\"color: #000000;\">Italienisches Patent f\u00fcr gewerbliche Erfindung enden Nr. 0001427360 unter dem Namen Umberto Nenna und Fabrizio Poli, erteilt am 27.02.2017, in Bezug auf einen &#8222;inneren Hohlk\u00f6rper, <span lang=\"DE\">Werkzeug<\/span> und <span lang=\"DE\">Herstellungsmethode<\/span>&#8220; .<\/span><\/p>\n<p><span style=\"color: #000000;\">Erweiterungsfragen:<\/span><\/p>\n<p><span style=\"color: #000000;\">Brasilien : Nein. BR112017012459-9 eingereicht am 27.11.2015;<\/span><\/p>\n<p><span style=\"color: #000000;\">Europa: Nein. 15823014.4 eingereicht am 27.11.2015;<\/span><\/p>\n<p><span style=\"color: #000000;\">China: Nein. 2015800759132 eingereicht am 27.11.2015;<\/span><\/p>\n<p><span style=\"color: #000000;\">Hongkong: Nein. 18104606.8 eingereicht am 27.11.2015;<\/span><\/p>\n<p><span style=\"color: #000000;\">Indien: Nein. 201727020190 eingereicht am 27.11.2015;<\/span><\/p>\n<p><span style=\"color: #000000;\">Rep. S\u00fcdafrika: Nein. 2017\/03939 eingereicht am 27.11.2015;<\/span><\/p>\n<p><span style=\"color: #000000;\">U.S. No. 15\/553933 eingereicht am 27.11.2015;<\/span><\/p>\n<p><span style=\"color: #000000;\">Kanada: Nein. 2970431 eingereicht am 27.11.2015;<\/span><\/p>\n<p><span style=\"color: #000000;\">Italienisches Patent f\u00fcr industrielle Erfindung Nr. 102017000015088, unter dem Namen Umberto Nenna und Fabrizio Poli, gew\u00e4hrt am 17-06-2019, in Bezug auf einen &#8222;inneren Hohlk\u00f6rper, seine Methode der <span lang=\"DE\">Herstellung und Werkzeug<\/span>&#8222;.<\/span><\/p>\n<p><span style=\"color: #000000;\">Erweiterungsfragen:<\/span><\/p>\n<p><span style=\"color: #000000;\">Brasilien : Nein. BR112019016425-1<\/span><\/p>\n<p><span style=\"color: #000000;\">Europa: Nein. 18709080.8<\/span><\/p>\n<p><span style=\"color: #000000;\">Kanada : Brev. Naz. PCT s.n.<\/span><\/p>\n<p><span style=\"color: #000000;\">China : Brev. Naz. PCT s.n.<\/span><\/p>\n<p><span style=\"color: #000000;\">Indien: Nein. 201917035557<\/span><\/p>\n<p><span style=\"color: #000000;\">Mexiko : MX\/A\/2019\/009569<\/span><\/p>\n<p><span style=\"color: #000000;\">Rep. S\u00fcdafrika: Nein. 2019\/05735<\/span><\/p>\n<p><span style=\"color: #000000;\">USA: Nein. 16\/484652<\/span><\/p>\n<\/div><\/section>\n<div   class='hr hr-default   avia-builder-el-1  el_after_av_textblock  el_before_av_textblock '><span class='hr-inner ' ><span class='hr-inner-style'><\/span><\/span><\/div>\n<section class=\"av_textblock_section \"  itemscope=\"itemscope\" itemtype=\"https:\/\/schema.org\/CreativeWork\" ><div class='avia_textblock  '  style='font-size:40px; '  itemprop=\"text\" ><h1 style=\"text-align: center;\"><strong>WIREFRAME INCOSYSTEM<\/strong><\/h1>\n<\/div><\/section>\n<div  class='avia-image-container  av-styling-    avia-builder-el-3  el_after_av_textblock  avia-builder-el-last  avia-align-center '  itemprop=\"image\" itemscope=\"itemscope\" itemtype=\"https:\/\/schema.org\/ImageObject\"  ><div class='avia-image-container-inner'><div class='avia-image-overlay-wrap'><img class='avia_image' src='https:\/\/incosrl.eu\/wp-content\/uploads\/2019\/12\/Schermata-2019-11-29-alle-13.37.08-1030x603.png' alt='' title='Screenshot 2019-11-29 um 13:37:08 p.m.' height=\"603\" width=\"1030\"  itemprop=\"thumbnailUrl\"  \/><\/div><\/div><\/div>\n","protected":false},"excerpt":{"rendered":"","protected":false},"author":1,"featured_media":0,"parent":0,"menu_order":0,"comment_status":"open","ping_status":"open","template":"","meta":{"footnotes":""},"class_list":["post-930","page","type-page","status-publish","hentry"],"_links":{"self":[{"href":"https:\/\/incosrl.eu\/de\/wp-json\/wp\/v2\/pages\/930","targetHints":{"allow":["GET"]}}],"collection":[{"href":"https:\/\/incosrl.eu\/de\/wp-json\/wp\/v2\/pages"}],"about":[{"href":"https:\/\/incosrl.eu\/de\/wp-json\/wp\/v2\/types\/page"}],"author":[{"embeddable":true,"href":"https:\/\/incosrl.eu\/de\/wp-json\/wp\/v2\/users\/1"}],"replies":[{"embeddable":true,"href":"https:\/\/incosrl.eu\/de\/wp-json\/wp\/v2\/comments?post=930"}],"version-history":[{"count":0,"href":"https:\/\/incosrl.eu\/de\/wp-json\/wp\/v2\/pages\/930\/revisions"}],"wp:attachment":[{"href":"https:\/\/incosrl.eu\/de\/wp-json\/wp\/v2\/media?parent=930"}],"curies":[{"name":"wp","href":"https:\/\/api.w.org\/{rel}","templated":true}]}}