{"id":920,"date":"2019-12-10T12:33:03","date_gmt":"2019-12-10T12:33:03","guid":{"rendered":"http:\/\/incosrl.eu\/unternehmen\/"},"modified":"2019-12-30T16:28:54","modified_gmt":"2019-12-30T16:28:54","slug":"unternehmen","status":"publish","type":"page","link":"https:\/\/incosrl.eu\/de\/unternehmen\/","title":{"rendered":"UNTERNEHMEN"},"content":{"rendered":"<div id='av_section_1'  class='avia-section main_color avia-section-huge avia-no-border-styling avia-full-stretch av-parallax-section av-section-color-overlay-active avia-bg-style-parallax  avia-builder-el-0  el_before_av_section  avia-builder-el-first   av-minimum-height av-minimum-height-75  container_wrap sidebar_right' style=' '  data-section-bg-repeat='stretch' data-av_minimum_height_pc='75'><div class='av-parallax' data-avia-parallax-ratio='0.3' ><div class='av-parallax-inner main_color  avia-full-stretch' style = 'background-repeat: no-repeat; background-image: url(https:\/\/incosrl.eu\/wp-content\/uploads\/2019\/12\/insieme-1.jpg);background-attachment: scroll; background-position: top center; ' ><\/div><\/div><div class='av-section-color-overlay-wrap'><div class='av-section-color-overlay' style='opacity: 0.8; background-color: #4ecac2; '><\/div><a href='#next-section' title='' class='scroll-down-link '  aria-hidden='true' data-av_icon='\ue877' data-av_iconfont='entypo-fontello'><\/a><div class='container' ><main  role=\"main\" itemprop=\"mainContentOfPage\"  class='template-page content  av-content-small alpha units'><div class='post-entry post-entry-type-page post-entry-920'><div class='entry-content-wrapper clearfix'>\n<div class=\"flex_column av_one_fifth  flex_column_div first  avia-builder-el-1  el_before_av_three_fifth  avia-builder-el-first  \" ><\/div><div class=\"flex_column av_three_fifth  flex_column_div   avia-builder-el-2  el_after_av_one_fifth  el_before_av_one_fifth  \" ><p><div  style='height:50px' class='hr hr-invisible   avia-builder-el-3  el_before_av_heading  avia-builder-el-first '><span class='hr-inner ' ><span class='hr-inner-style'><\/span><\/span><\/div><br \/>\n<div  style='padding-bottom:10px; color:#ffffff;font-size:40px;' class='av-special-heading av-special-heading-h1 custom-color-heading blockquote modern-quote modern-centered  avia-builder-el-4  el_after_av_hr  el_before_av_hr  av-thin-font av-inherit-size '><h1 class='av-special-heading-tag '  itemprop=\"headline\"  >Wir sind weniger<br \/><strong>aber zusammen<\/strong> k\u00f6nnen wir <strong>viel tun<\/strong><\/h1><div class='special-heading-border'><div class='special-heading-inner-border' style='border-color:#ffffff'><\/div><\/div><\/div><br \/>\n<div  style=' margin-top:40px; margin-bottom:40px;'  class='hr hr-custom hr-center hr-icon-no   avia-builder-el-5  el_after_av_heading  avia-builder-el-last '><span class='hr-inner   inner-border-av-border-fat' style=' width:50px; border-color:#ffffff;' ><span class='hr-inner-style'><\/span><\/span><\/div><\/p><\/div><div class=\"flex_column av_one_fifth  flex_column_div   avia-builder-el-6  el_after_av_three_fifth  avia-builder-el-last  \" ><\/div>\n\n<\/div><\/div><\/main><!-- close content main element --><\/div><\/div><\/div><div id='values'  class='avia-section main_color avia-section-huge avia-no-border-styling avia-bg-style-scroll  avia-builder-el-7  el_after_av_section  avia-builder-el-last   container_wrap sidebar_right' style=' '  ><div class='container' ><div class='template-page content  av-content-small alpha units'><div class='post-entry post-entry-type-page post-entry-920'><div class='entry-content-wrapper clearfix'>\n<div class=\"flex_column av_one_fifth  flex_column_div first  avia-builder-el-8  el_before_av_three_fifth  avia-builder-el-first  \" ><\/div><div class=\"flex_column av_three_fifth  flex_column_div   avia-builder-el-9  el_after_av_one_fifth  el_before_av_one_fifth  \" ><section class=\"av_textblock_section \"  itemscope=\"itemscope\" itemtype=\"https:\/\/schema.org\/CreativeWork\" ><div class='avia_textblock  '  style='font-size:25px; '  itemprop=\"text\" ><p style=\"text-align: center;\"><strong><span style=\"color: #668039;\">Wir glauben an die wichtigsten Werte<\/span><\/strong><\/p>\n<\/div><\/section><\/div><div class=\"flex_column av_one_fifth  flex_column_div   avia-builder-el-11  el_after_av_three_fifth  el_before_av_hr  \" ><\/div><div  style=' margin-top:70px; margin-bottom:70px;'  class='hr hr-custom hr-center hr-icon-no   avia-builder-el-12  el_after_av_one_fifth  el_before_av_image '><span class='hr-inner   inner-border-av-border-fat' style=' width:50px; border-color:#000000;' ><span class='hr-inner-style'><\/span><\/span><\/div>\n<div  class='avia-image-container  av-styling-    avia-builder-el-13  el_after_av_hr  el_before_av_hr  avia-align-center '  itemprop=\"image\" itemscope=\"itemscope\" itemtype=\"https:\/\/schema.org\/ImageObject\"  ><div class='avia-image-container-inner'><div class='avia-image-overlay-wrap'><img class='avia_image' src='https:\/\/incosrl.eu\/wp-content\/uploads\/2019\/12\/insieme-1.jpg' alt='' title='Zusammen' height=\"485\" width=\"522\"  itemprop=\"thumbnailUrl\"  \/><\/div><\/div><\/div>\n<div  style='height:50px' class='hr hr-invisible   avia-builder-el-14  el_after_av_image  el_before_av_two_third '><span class='hr-inner ' ><span class='hr-inner-style'><\/span><\/span><\/div>\n<div class=\"flex_column av_two_third  flex_column_div first  avia-builder-el-15  el_after_av_hr  el_before_av_one_third  \" ><section class=\"av_textblock_section \"  itemscope=\"itemscope\" itemtype=\"https:\/\/schema.org\/CreativeWork\" ><div class='avia_textblock  '   itemprop=\"text\" ><h3 style=\"text-align: justify;\"><span style=\"color: #668039;\"><strong>Unsere Firma<\/strong><\/span><\/h3>\n<p style=\"text-align: justify;\"><span style=\"color: #000000;\"><span lang=\"DE\">IN-CO ist eine neue Gesellschaft (Srl), die im Mai 2019 in Italien von den beiden italienischen Fabrizio Poli und Umberto Nenna gegr\u00fcndet wurde, um, aus der Intuition der\u00a0<\/span><\/span><span lang=\"DE\"><span style=\"color: #000000;\"><span style=\"caret-color: #000000;\">Gr\u00fcnen<\/span>\u00a0im 2014,\u00a0<\/span><\/span><span style=\"color: #000000;\"><span lang=\"DE\">eine neue industrielle Anwendung zu entwickeln und zu verbreiten.<\/span><\/span><\/p>\n<blockquote>\n<h3><span style=\"color: #000000;\"><strong><span lang=\"DE\">Poli und Nenna sind seit \u00fcber 30 Jahren in der Kunststoffindustrie t\u00e4tig und haben viele Produkte in verschiedenen Industriebereichen entwickelt.<\/span><\/strong><\/span><\/h3>\n<\/blockquote>\n<p style=\"text-align: justify;\"><span lang=\"DE\" style=\"color: #000000;\">Insbesondere verf\u00fcgt Fabrizio Poli \u00fcber langj\u00e4hrige und tiefere Erfahrung im Bereich Produktdesign und -planung sowie im Design und Herstellung von Werkzeugen und Ausr\u00fcstungen f\u00fcr das Spritzgie\u00dfen und Blasformen von Kunststoffen.<\/span><\/p>\n<p style=\"text-align: justify;\"><span lang=\"DE\" style=\"color: #000000;\">\u00a0<\/span><\/p>\n<p style=\"text-align: justify;\"><span lang=\"DE\" style=\"color: #000000;\">Nachdem er einige Jahre in wichtigen italienischen Unternehmen als Forschungs- und Entwicklungsleiter gearbeitet hatte, gr\u00fcndete er ein kleines Unternehmen, mit dem er f\u00fcr f\u00fchrende Unternehmen in verschiedenen Branchen (zum Beispiel Lonati, Ducati, Piaggio, Aprilia usw.) arbeitete.<\/span><\/p>\n<p style=\"text-align: justify;\"><span lang=\"DE\" style=\"color: #000000;\">F\u00fcr sie hat er viele Kunststoffteile und &#8211; Produkte entwickelt und auch die notwendigen Werkzeugen f\u00fcr den Anlauf in der Produktion geliefert. Umberto Nenna hingegen sammelte seine ersten Handelserfahrungen im v\u00e4terlichen Betrieb und gr\u00fcndete sp\u00e4ter, immer mit seinem Vater, eine Produktionsfirma, die sich dem Blasformen und Kunststoffspritzguss widmete. F\u00fcr einige wichtige Unternehmen (wie Philips, Lidl, Nestle usw.) werden eigene Produkte aber auch Kunststoffteile, hergestellt, in verschiedene europ\u00e4ische L\u00e4nder exportiert, manchmal auch au\u00dfereurop\u00e4ische.<\/span><\/p>\n<p style=\"text-align: justify;\"><span lang=\"DE\" style=\"color: #000000;\">Trotz seines kaufm\u00e4nnischen Hintergrunds k\u00fcmmert er sich um alle technischen und organisatorischen Schwierigkeiten, die t\u00e4glich ein produktives Leben erfordern soll, erwirbt F\u00e4higkeiten in diesen Bereichen und macht seine Mitarbeiter verantwortlich und sich der Bed\u00fcrfnisse der verschiedenen Kunden bewusst.<\/span><\/p>\n<\/div><\/section><\/div><div class=\"flex_column av_one_third  flex_column_div   avia-builder-el-17  el_after_av_two_third  avia-builder-el-last  \" ><section class=\"av_textblock_section \"  itemscope=\"itemscope\" itemtype=\"https:\/\/schema.org\/CreativeWork\" ><div class='avia_textblock  '   itemprop=\"text\" ><h3><span style=\"color: #668039;\">Die Idee&#8230;<\/span><\/h3>\n<p style=\"text-align: justify;\"><span lang=\"DE\" style=\"color: #000000;\">Dank des gemeinsamen Industriesektors haben Poli Fabrizio und Umberto Nenna die M\u00f6glichkeit, sich kennenzulernen und im Laufe ihrer Karriere gemeinsam einige Produkte zu entwickeln. Im Jahr 2014 beschlossen sie, einen gemeinsamen Weg zu beschreiten und sich einem exklusiven und innovativen Projekt zu widmen,<\/span><\/p>\n<\/div><\/section><\/div>\n<\/div><\/div><\/div><!-- close content main div --><\/div><\/div><div id='after_section_2'  class='main_color av_default_container_wrap container_wrap sidebar_right' style=' '  ><div class='container' ><div class='template-page content  av-content-small alpha units'><div class='post-entry post-entry-type-page post-entry-920'><div class='entry-content-wrapper clearfix'>\n","protected":false},"excerpt":{"rendered":"","protected":false},"author":1,"featured_media":0,"parent":0,"menu_order":0,"comment_status":"open","ping_status":"open","template":"","meta":{"footnotes":""},"class_list":["post-920","page","type-page","status-publish","hentry"],"_links":{"self":[{"href":"https:\/\/incosrl.eu\/de\/wp-json\/wp\/v2\/pages\/920","targetHints":{"allow":["GET"]}}],"collection":[{"href":"https:\/\/incosrl.eu\/de\/wp-json\/wp\/v2\/pages"}],"about":[{"href":"https:\/\/incosrl.eu\/de\/wp-json\/wp\/v2\/types\/page"}],"author":[{"embeddable":true,"href":"https:\/\/incosrl.eu\/de\/wp-json\/wp\/v2\/users\/1"}],"replies":[{"embeddable":true,"href":"https:\/\/incosrl.eu\/de\/wp-json\/wp\/v2\/comments?post=920"}],"version-history":[{"count":0,"href":"https:\/\/incosrl.eu\/de\/wp-json\/wp\/v2\/pages\/920\/revisions"}],"wp:attachment":[{"href":"https:\/\/incosrl.eu\/de\/wp-json\/wp\/v2\/media?parent=920"}],"curies":[{"name":"wp","href":"https:\/\/api.w.org\/{rel}","templated":true}]}}